{"id":418,"date":"2020-02-24T13:08:57","date_gmt":"2020-02-24T13:08:57","guid":{"rendered":"https:\/\/demosites.io\/zelle-gb\/?page_id=143"},"modified":"2024-03-22T13:46:47","modified_gmt":"2024-03-22T13:46:47","slug":"0227d-home","status":"publish","type":"page","link":"https:\/\/www.nemaexpress.com\/","title":{"rendered":"***NEMA EXPRESS***                                            ***\u00c7\u00d6Z\u00dcM ORTAGINIZ***"},"content":{"rendered":"\n<div id=\"wp-block-themeisle-blocks-advanced-columns-d26b6b4e\" class=\"wp-block-themeisle-blocks-advanced-columns alignfull has-1-columns has-desktop-equal-layout has-tablet-equal-layout has-mobile-equal-layout has-vertical-center\"><div class=\"wp-block-themeisle-blocks-advanced-columns-overlay\"><\/div><div class=\"innerblocks-wrap\">\n<div id=\"wp-block-themeisle-blocks-advanced-column-bc8f6b49\" class=\"wp-block-themeisle-blocks-advanced-column\">\n<h1 class=\"wp-block-heading alignfull has-text-align-center has-white-color has-text-color\"><strong>NEMA EXPRES<\/strong><br>G\u00dcMR\u00dcKLEME&nbsp;<br>VE&nbsp;<br>LOJ\u0130ST\u0130K<\/h1>\n\n\n\n<div style=\"height:20px\" aria-hidden=\"true\" class=\"wp-block-spacer\"><\/div>\n\n\n\n<div id=\"wp-block-themeisle-blocks-button-group-2dde628f\" class=\"wp-block-themeisle-blocks-button-group wp-block-buttons align-center\">\n<div id=\"wp-block-themeisle-blocks-button-754057ce\" class=\"wp-block-themeisle-blocks-button wp-block-button\"><a href=\"\" target=\"_self\" rel=\"noopener noreferrer\" class=\"wp-block-button__link\"><i class=\"far fa-fw fa-clock margin-right\"><\/i><span> Lojistik <\/span><\/a><\/div>\n\n\n\n<div id=\"wp-block-themeisle-blocks-button-9b0883a7\" class=\"wp-block-themeisle-blocks-button wp-block-button\"><a href=\"\" target=\"_self\" rel=\"noopener noreferrer\" class=\"wp-block-button__link\"><i class=\"fas fa-fw fa-gift margin-right\"><\/i><span> G\u00fcmr\u00fckleme <\/span><\/a><\/div>\n\n\n\n<div id=\"wp-block-themeisle-blocks-button-571269f2\" class=\"wp-block-themeisle-blocks-button wp-block-button\"><a href=\"\" target=\"_self\" rel=\"noopener noreferrer\" class=\"wp-block-button__link\"><i class=\"fas fa-fw fa-percent margin-right\"><\/i><span>Dan\u0131\u015fmanl\u0131k <\/span><\/a><\/div>\n<\/div>\n<\/div>\n<\/div><\/div>\n\n\n\n<div id=\"focus\" class=\"wp-block-themeisle-blocks-advanced-columns alignfull has-1-columns has-desktop-equal-layout has-tablet-equal-layout has-mobile-equal-layout has-vertical-unset\"><div class=\"wp-block-themeisle-blocks-advanced-columns-overlay\"><\/div><div class=\"innerblocks-wrap\">\n<div id=\"wp-block-themeisle-blocks-advanced-column-b3c846e4\" class=\"wp-block-themeisle-blocks-advanced-column\">\n<h2 class=\"wp-block-heading has-text-align-center\">H\u0130ZMETLER\u0130M\u0130Z<\/h2>\n\n\n\n<p class=\"has-text-align-center\"><\/p>\n<\/div>\n<\/div><\/div>\n\n\n\n<div id=\"se\" class=\"wp-block-themeisle-blocks-advanced-columns alignfull has-3-columns has-desktop-equal-layout has-tablet-equal-layout has-mobile-collapsedRows-layout has-vertical-unset\"><div class=\"wp-block-themeisle-blocks-advanced-columns-overlay\"><\/div><div class=\"innerblocks-wrap\">\n<div id=\"wp-block-themeisle-blocks-advanced-column-71484aac\" class=\"wp-block-themeisle-blocks-advanced-column\">\n<div id=\"wp-block-themeisle-blocks-font-awesome-icons-29583e4b\" class=\"wp-block-themeisle-blocks-font-awesome-icons\"><span class=\"wp-block-themeisle-blocks-font-awesome-icons-container\"><i class=\"fas fa-plane\"><\/i><\/span><\/div>\n\n\n\n<h1 class=\"wp-block-heading\"><strong>NEMA EXPRESS&nbsp;<\/strong><\/h1>\n\n\n\n<p><strong>S\u0130ZE \u00d6ZEL \u00c7\u00d6Z\u00dcMLER<\/strong><\/p>\n\n\n\n<p><strong>#G\u00fcmr\u00fckleme<\/strong><\/p>\n\n\n\n<p><strong>#lojistik<\/strong><\/p>\n\n\n\n<p><strong>#ihracat<\/strong><\/p>\n\n\n\n<p><strong>#ithalat<\/strong><\/p>\n\n\n\n<p><strong>#transit<\/strong><\/p>\n\n\n\n<p><strong>#t\u0131r kapama<\/strong><\/p>\n\n\n\n<p><strong>#\u0131raq g\u00f6zetim hizmetleri(sgs)<\/strong><\/p>\n\n\n\n<p><strong>#suriye izinleri<\/strong><\/p>\n\n\n\n<p><strong>#bakanl\u0131k izinleri<\/strong><\/p>\n\n\n\n<p><strong>#teminat l\u0131 i\u015flemler<\/strong><\/p>\n\n\n\n<p><strong>Gaziantep merkez olmak \u00fczere t\u00fcm g\u00fcmr\u00fcklerde\u2026<\/strong><\/p>\n\n\n\n<p><strong>NEMA EXPRESS LOJ\u0130ST\u0130K G\u00dcMR\u00dcKLEME \u0130TH \u0130HR LTD \u015eT\u0130.<\/strong><\/p>\n\n\n\n<p><strong>B\u0130LG\u0130 \u0130\u00c7\u0130N :&nbsp;0538&nbsp;717&nbsp;72&nbsp;78<\/strong><\/p>\n<\/div>\n\n\n\n<div id=\"wp-block-themeisle-blocks-advanced-column-a0079089\" class=\"wp-block-themeisle-blocks-advanced-column\"><\/div>\n\n\n\n<div id=\"wp-block-themeisle-blocks-advanced-column-3ad7ac1c\" class=\"wp-block-themeisle-blocks-advanced-column\">\n<div style=\"height:16px\" aria-hidden=\"true\" class=\"wp-block-spacer\"><\/div>\n<\/div>\n<\/div><\/div>\n\n\n\n<div id=\"wp-block-themeisle-blocks-advanced-columns-d8142c6e\" class=\"wp-block-themeisle-blocks-advanced-columns alignfull has-1-columns has-desktop-equal-layout has-tablet-equal-layout has-mobile-equal-layout has-vertical-unset has-dark-bg\"><div class=\"wp-block-themeisle-blocks-advanced-columns-overlay\"><\/div><div class=\"innerblocks-wrap\">\n<div id=\"wp-block-themeisle-blocks-advanced-column-5c38f6b1\" class=\"wp-block-themeisle-blocks-advanced-column\">\n<h3 id=\"wp-block-themeisle-blocks-advanced-heading-8a6fcd5c\" class=\"wp-block-themeisle-blocks-advanced-heading wp-block-themeisle-blocks-advanced-heading-8a6fcd5c\"> <\/h3>\n\n\n\n<h1 class=\"wp-block-heading\"><strong>HAKKIMIZDA<\/strong><\/h1>\n\n\n\n<p><strong>Her \u015fey i\u00e7in bir numaral\u0131 \u00e7\u00f6z\u00fcm orta\u011f\u0131n\u0131z olan NEMA EXPRESS \u2018e ho\u015f geldiniz. \u00dc\u00e7 \u00f6zelli\u011fe, yani: g\u00fcvenilirlik, m\u00fc\u015fteri memnuniyeti ve benzersizli\u011fe odaklanarak size g\u00fcmr\u00fckleme ve lojistik alan\u0131nda en iyi \u015fekilde hizmet sunmaya kararl\u0131y\u0131z.<\/strong><\/p>\n\n\n\n<p><strong>Serdar Akku\u015f taraf\u0131ndan 2022 \u2018da kurulan Nema Express , Gaziantep \u2019de ilk ba\u015flad\u0131\u011f\u0131nda, insanlar\u0131n&nbsp; d\u0131\u015f ticaret konusunda&nbsp; yard\u0131mc\u0131 olmak i\u00e7in&nbsp; onu yo\u011fun ara\u015ft\u0131rma yapmaya s\u00fcr\u00fckledi. G\u00fcnl\u00fck i\u015fini b\u0131rakt\u0131&nbsp; s\u0131k\u0131 \u00e7al\u0131\u015fmay\u0131 ve ilham\u0131 h\u0131zla b\u00fcy\u00fcyen bir hizmet firmas\u0131na d\u00f6n\u00fc\u015ft\u00fcrme g\u00fcc\u00fc verdi. Art\u0131k&nbsp; T\u00fcrkiye\u2019nin her yerindeki m\u00fc\u015fterilere hizmet veriyoruz ve&nbsp; ilgin\u00e7, \u00e7evre dostu, kullan\u0131c\u0131 dostu, s\u00fcrd\u00fcr\u00fclebilir hizmetin bir par\u00e7as\u0131 olmaktan heyecan duyuyoruz.<\/strong><\/p>\n\n\n\n<p><strong>Hizmetlerimizi&nbsp; size sunmaktan zevk ald\u0131\u011f\u0131m\u0131z kadar be\u011fenece\u011finizi umuyoruz. Herhangi bir sorunuz veya yorumunuz varsa, l\u00fctfen bizimle ileti\u015fime ge\u00e7mekten \u00e7ekinmeyin.<\/strong><\/p>\n\n\n\n<p><strong>Sayg\u0131lar\u0131m\u0131zla,<\/strong><\/p>\n\n\n\n<p><strong>NEMA EXPRESS Ekibi<\/strong><\/p>\n<\/div>\n<\/div><\/div>\n\n\n\n<div id=\"swr\" class=\"wp-block-themeisle-blocks-advanced-columns alignfull has-1-columns has-desktop-equal-layout has-tablet-equal-layout has-mobile-equal-layout has-vertical-unset\"><div class=\"wp-block-themeisle-blocks-advanced-columns-overlay\"><\/div><div class=\"innerblocks-wrap\">\n<div id=\"wp-block-themeisle-blocks-advanced-column-7d510e2d\" class=\"wp-block-themeisle-blocks-advanced-column\"><\/div>\n<\/div><\/div>\n\n\n\n<div id=\"sd\" class=\"wp-block-themeisle-blocks-advanced-columns alignfull has-3-columns has-desktop-equal-layout has-tablet-equal-layout has-mobile-collapsedRows-layout has-vertical-unset\"><div class=\"wp-block-themeisle-blocks-advanced-columns-overlay\"><\/div><div class=\"innerblocks-wrap\">\n<div id=\"wp-block-themeisle-blocks-advanced-column-5fbf5159\" class=\"wp-block-themeisle-blocks-advanced-column\"><div class=\"wp-block-image is-style-circle-mask\">\n<figure class=\"aligncenter size-full\"><img loading=\"lazy\" decoding=\"async\" width=\"640\" height=\"333\" src=\"http:\/\/www.nemaexpress.com\/wp-content\/uploads\/2023\/06\/akkus-gumruk.jpg\" alt=\"\" class=\"wp-image-432\" srcset=\"https:\/\/www.nemaexpress.com\/wp-content\/uploads\/2023\/06\/akkus-gumruk.jpg 640w, https:\/\/www.nemaexpress.com\/wp-content\/uploads\/2023\/06\/akkus-gumruk-300x156.jpg 300w, https:\/\/www.nemaexpress.com\/wp-content\/uploads\/2023\/06\/akkus-gumruk-600x312.jpg 600w\" sizes=\"auto, (max-width: 640px) 100vw, 640px\" \/><\/figure>\n<\/div>\n\n\n<div style=\"height:16px\" aria-hidden=\"true\" class=\"wp-block-spacer\"><\/div>\n\n\n\n<h5 id=\"wp-block-themeisle-blocks-advanced-heading-556350ba\" class=\"wp-block-themeisle-blocks-advanced-heading wp-block-themeisle-blocks-advanced-heading-556350ba\">G\u00dcMR\u00dcKLEME<\/h5>\n\n\n\n<p class=\"has-text-align-center has-neve-text-color-color has-text-color has-small-font-size\"><\/p>\n\n\n\n<p class=\"has-text-align-center has-neve-text-color-color has-text-color has-small-font-size\"><br><\/p>\n<\/div>\n\n\n\n<div id=\"wp-block-themeisle-blocks-advanced-column-38438e59\" class=\"wp-block-themeisle-blocks-advanced-column\"><div class=\"wp-block-image is-style-circle-mask\">\n<figure class=\"aligncenter size-full\"><img loading=\"lazy\" decoding=\"async\" width=\"512\" height=\"338\" src=\"http:\/\/www.nemaexpress.com\/wp-content\/uploads\/2023\/06\/unnamed.jpg\" alt=\"\" class=\"wp-image-434\" srcset=\"https:\/\/www.nemaexpress.com\/wp-content\/uploads\/2023\/06\/unnamed.jpg 512w, https:\/\/www.nemaexpress.com\/wp-content\/uploads\/2023\/06\/unnamed-300x198.jpg 300w\" sizes=\"auto, (max-width: 512px) 100vw, 512px\" \/><\/figure>\n<\/div>\n\n\n<div style=\"height:16px\" aria-hidden=\"true\" class=\"wp-block-spacer\"><\/div>\n\n\n\n<h5 id=\"wp-block-themeisle-blocks-advanced-heading-f72ee976\" class=\"wp-block-themeisle-blocks-advanced-heading wp-block-themeisle-blocks-advanced-heading-f72ee976\"> NAKL\u0130YE<\/h5>\n<\/div>\n\n\n\n<div id=\"wp-block-themeisle-blocks-advanced-column-ce42c030\" class=\"wp-block-themeisle-blocks-advanced-column\"><div class=\"wp-block-image is-style-circle-mask\">\n<figure class=\"aligncenter size-full\"><img loading=\"lazy\" decoding=\"async\" width=\"259\" height=\"194\" src=\"http:\/\/www.nemaexpress.com\/wp-content\/uploads\/2023\/06\/YUKLEME1.jpg\" alt=\"\" class=\"wp-image-435\"\/><\/figure>\n<\/div>\n\n\n<h5 id=\"wp-block-themeisle-blocks-advanced-heading-a11ed3f2\" class=\"wp-block-themeisle-blocks-advanced-heading wp-block-themeisle-blocks-advanced-heading-a11ed3f2\">LOJ\u0130ST\u0130K<\/h5>\n\n\n\n<p class=\"has-text-align-center has-neve-text-color-color has-text-color has-small-font-size\"><\/p>\n<\/div>\n<\/div><\/div>\n\n\n\n<div id=\"contact\" class=\"wp-block-themeisle-blocks-advanced-columns alignfull has-1-columns has-desktop-equal-layout has-tablet-equal-layout has-mobile-equal-layout has-vertical-unset\"><div class=\"wp-block-themeisle-blocks-advanced-columns-overlay\"><\/div><div class=\"innerblocks-wrap\">\n<div id=\"wp-block-themeisle-blocks-advanced-column-c81f51d3\" class=\"wp-block-themeisle-blocks-advanced-column has-dark-bg\">\n<h1 class=\"wp-block-heading has-text-align-center has-neve-text-color-color has-text-color\">TALEB\u0130N\u0130Z?<\/h1>\n\n\n\n<p class=\"has-text-align-center has-white-color has-text-color\">We are here for you, 24\/7, to help you and reply within the hour.<\/p>\n\n\n\n<div id=\"wp-block-themeisle-blocks-form-aed2787f\" class=\"wp-block-themeisle-blocks-form\" data-option-name=\"bf9b28ff82ce323187abc5d0feb0d8f07ecd8436_aed2787f\"><form class=\"otter-form__container\">\n<div id=\"wp-block-themeisle-blocks-form-input-ae306451\" class=\"wp-block-themeisle-blocks-form-input\"><label for=\"wp-block-themeisle-blocks-form-input-ae306451-input\" class=\"otter-form-input-label\"><span class=\"otter-form-input-label__label\">Email<\/span><span class=\"required\">*<\/span><\/label><input type=\"email\" id=\"wp-block-themeisle-blocks-form-input-ae306451-input\" required class=\"otter-form-input\"\/><\/div>\n\n\n<div class=\"protection\" aria-hidden=\"true\"><input type=\"hidden\" id=\"wp-block-themeisle-blocks-form-aed2787f_nonce_field\" name=\"wp-block-themeisle-blocks-form-aed2787f_nonce_field\" value=\"add0fd6785\" \/><input type=\"hidden\" name=\"_wp_http_referer\" value=\"\/index.php?rest_route=%2Fwp%2Fv2%2Fpages%2F418\" \/><input class=\"o-anti-bot\" type=\"checkbox\"><\/div>\n\n\n<div id=\"wp-block-themeisle-blocks-form-textarea-56ad0433\" class=\"wp-block-themeisle-blocks-form-textarea\"><label for=\"wp-block-themeisle-blocks-form-textarea-56ad0433-input\" class=\"otter-form-textarea-label\"><span class=\"otter-form-textarea-label__label\">Message<\/span><\/label><textarea id=\"wp-block-themeisle-blocks-form-textarea-56ad0433-input\" rows=\"10\" class=\"otter-form-textarea-input\"><\/textarea><\/div>\n\n\n\n<p class=\"has-extra-small-font-size\">You agree to receive email communication from us by submitting this form and understand that your contact information will be stored with us.<\/p>\n<div class=\"wp-block-button\"><button class=\"wp-block-button__link\" type=\"submit\">Submit<\/button><\/div><\/form><\/div>\n<\/div>\n<\/div><\/div>\n\n\n\n<div id=\"wp-block-themeisle-blocks-advanced-columns-d2b3b50b\" class=\"wp-block-themeisle-blocks-advanced-columns alignfull has-4-columns has-desktop-equal-layout has-tablet-equal-layout has-mobile-collapsedRows-layout has-vertical-unset has-dark-bg\"><div class=\"wp-block-themeisle-blocks-advanced-columns-overlay\"><\/div><div class=\"innerblocks-wrap\">\n<div id=\"wp-block-themeisle-blocks-advanced-column-34178fa7\" class=\"wp-block-themeisle-blocks-advanced-column\">\n<div id=\"wp-block-themeisle-blocks-font-awesome-icons-b2e502b6\" class=\"wp-block-themeisle-blocks-font-awesome-icons\"><span class=\"wp-block-themeisle-blocks-font-awesome-icons-container\"><i class=\"far fa-map\"><\/i><\/span><\/div>\n\n\n\n<p class=\"has-text-align-center has-text-color\" style=\"color:#939393;font-size:14px\"> <\/p>\n\n\n\n<p>\u0130NC\u0130L\u0130PINAR MAH GAZ\u0130MUHTARPA\u015eA BULV HALI SARAYI KAT:2 NO:176 \u015eEH\u0130TKAM\u0130L\/GAZ\u0130ANTEP<\/p>\n\n\n\n<p class=\"has-text-align-center has-text-color\" style=\"color:#939393;font-size:14px\"> <\/p>\n\n\n\n<p class=\"has-text-align-center has-text-color\" style=\"color:#939393;font-size:14px\">  MON-FRI: 09 \u2013 22<br>SAT: 10 \u2013 14 &nbsp; <\/p>\n<\/div>\n\n\n\n<div id=\"wp-block-themeisle-blocks-advanced-column-f47e1f6c\" class=\"wp-block-themeisle-blocks-advanced-column\">\n<div id=\"wp-block-themeisle-blocks-font-awesome-icons-135a5b66\" class=\"wp-block-themeisle-blocks-font-awesome-icons\"><span class=\"wp-block-themeisle-blocks-font-awesome-icons-container\"><i class=\"fas fa-envelope\"><\/i><\/span><\/div>\n\n\n\n<p class=\"has-text-align-center has-text-color\" style=\"color:#939393;font-size:14px\">GET OUR LATEST OFFERS<\/p>\n\n\n\n<p>serdalakkus@nemaexpress.com<\/p>\n\n\n\n<p class=\"has-text-align-center has-text-color\" style=\"color:#939393;font-size:14px\"><br><\/p>\n<\/div>\n\n\n\n<div id=\"wp-block-themeisle-blocks-advanced-column-ff2e198d\" class=\"wp-block-themeisle-blocks-advanced-column\">\n<div id=\"wp-block-themeisle-blocks-font-awesome-icons-5d962d6e\" class=\"wp-block-themeisle-blocks-font-awesome-icons\"><span class=\"wp-block-themeisle-blocks-font-awesome-icons-container\"><i class=\"fas fa-phone-square\"><\/i><\/span><\/div>\n\n\n\n<p class=\"has-text-align-center has-text-color\" style=\"color:#939393;font-size:14px\"> 24\/7 ASSISTANCE<br><\/p>\n\n\n\n<p class=\"has-text-align-center has-text-color\" style=\"color:#939393;font-size:14px\"><strong>+90 5387177278<\/strong><\/p>\n<\/div>\n\n\n\n<div id=\"wp-block-themeisle-blocks-advanced-column-c483a70c\" class=\"wp-block-themeisle-blocks-advanced-column has-dark-bg\">\n<div id=\"wp-block-themeisle-blocks-button-group-80ddb8f3\" class=\"wp-block-themeisle-blocks-button-group wp-block-buttons align-center\">\n<div id=\"wp-block-themeisle-blocks-button-fdd96c26\" class=\"wp-block-themeisle-blocks-button wp-block-button\"><a href=\"\" target=\"_self\" rel=\"noopener noreferrer\" class=\"wp-block-button__link\"><i class=\"fab fa-fw fa-facebook-f\"><\/i><\/a><\/div>\n\n\n\n<div id=\"wp-block-themeisle-blocks-button-ebdcdc08\" class=\"wp-block-themeisle-blocks-button wp-block-button\"><a href=\"\" target=\"_self\" rel=\"noopener noreferrer\" class=\"wp-block-button__link\"><i class=\"fab fa-fw fa-twitter\"><\/i><\/a><\/div>\n\n\n\n<div id=\"wp-block-themeisle-blocks-button-f58142b5\" class=\"wp-block-themeisle-blocks-button wp-block-button\"><a href=\"\" target=\"_self\" rel=\"noopener noreferrer\" class=\"wp-block-button__link\"><i class=\"fab fa-fw fa-linkedin-in\"><\/i><\/a><\/div>\n\n\n\n<div id=\"wp-block-themeisle-blocks-button-fb88105d\" class=\"wp-block-themeisle-blocks-button wp-block-button\"><a href=\"\" target=\"_self\" rel=\"noopener noreferrer\" class=\"wp-block-button__link\"><i class=\"fab fa-fw fa-behance\"><\/i><\/a><\/div>\n\n\n\n<div id=\"wp-block-themeisle-blocks-button-10eca286\" class=\"wp-block-themeisle-blocks-button wp-block-button\"><a href=\"\" target=\"_self\" rel=\"noopener noreferrer\" class=\"wp-block-button__link\"><i class=\"fab fa-fw fa-dribbble\"><\/i><\/a><\/div>\n<\/div>\n\n\n\n<p class=\"has-text-align-center\"> \u00a9 2023&nbsp;<a href=\"https:\/\/themeisle.com\/\">Nema Express<\/a> <\/p>\n<\/div>\n<\/div><\/div>\n\n\n\n<div class=\"wp-block-ive-google-map alignnone ive_google_map_2621de-41\"><div id=\"overlay\" style=\"cursor:pointer\"><\/div><div class=\"ive-google-map__wrap\" id=\"ive-google-map-f62621de-4134-4283-97c6-be7f9735aab7\"><iframe class=\"ive-google-map__iframe\" src=\"https:\/\/maps.google.com\/maps?q=NEMA%20EXPRESS&amp;t=&amp;z=12&amp;ie=UTF8&amp;iwloc=&amp;output=embed\" style=\"height:300px;width:100%;opacity:1\"><\/iframe><\/div><\/div>\n","protected":false},"excerpt":{"rendered":"","protected":false},"author":1,"featured_media":0,"parent":0,"menu_order":0,"comment_status":"closed","ping_status":"closed","template":"page-templates\/template-pagebuilder-full-width.php","meta":{"_regular_price":[],"currency_symbol":[],"neve_meta_sidebar":"full-width","neve_meta_container":"contained","neve_meta_enable_content_width":"on","neve_meta_content_width":100,"neve_meta_title_alignment":"","neve_meta_author_avatar":"","neve_post_elements_order":"","neve_meta_disable_header":"","neve_meta_disable_footer":"","neve_meta_disable_title":"","_themeisle_gutenberg_block_has_review":false,"_ti_tpc_template_sync":false,"_ti_tpc_template_id":"x28mc18g9c7mr98x4tbe","footnotes":""},"class_list":["post-418","page","type-page","status-publish","hentry"],"post_slider_layout_featured_media_urls":{"thumbnail":"","post_slider_layout_landscape_large":"","post_slider_layout_portrait_large":"","post_slider_layout_square_large":"","post_slider_layout_landscape":"","post_slider_layout_portrait":"","post_slider_layout_square":"","full":""},"_links":{"self":[{"href":"https:\/\/www.nemaexpress.com\/index.php?rest_route=\/wp\/v2\/pages\/418","targetHints":{"allow":["GET"]}}],"collection":[{"href":"https:\/\/www.nemaexpress.com\/index.php?rest_route=\/wp\/v2\/pages"}],"about":[{"href":"https:\/\/www.nemaexpress.com\/index.php?rest_route=\/wp\/v2\/types\/page"}],"author":[{"embeddable":true,"href":"https:\/\/www.nemaexpress.com\/index.php?rest_route=\/wp\/v2\/users\/1"}],"replies":[{"embeddable":true,"href":"https:\/\/www.nemaexpress.com\/index.php?rest_route=%2Fwp%2Fv2%2Fcomments&post=418"}],"version-history":[{"count":6,"href":"https:\/\/www.nemaexpress.com\/index.php?rest_route=\/wp\/v2\/pages\/418\/revisions"}],"predecessor-version":[{"id":513,"href":"https:\/\/www.nemaexpress.com\/index.php?rest_route=\/wp\/v2\/pages\/418\/revisions\/513"}],"wp:attachment":[{"href":"https:\/\/www.nemaexpress.com\/index.php?rest_route=%2Fwp%2Fv2%2Fmedia&parent=418"}],"curies":[{"name":"wp","href":"https:\/\/api.w.org\/{rel}","templated":true}]}}